{"id":54563,"date":"2016-10-25T14:45:58","date_gmt":"2026-05-05T11:47:18","guid":{"rendered":"https:\/\/www.le-roseau-oboe.com\/?post_type=product&#038;p=54563"},"modified":"2026-05-05T13:54:57","modified_gmt":"2026-05-05T11:54:57","slug":"54563","status":"publish","type":"product","link":"https:\/\/www.le-roseau-oboe.com\/en\/product\/54563\/","title":{"rendered":"Le choix du Roseau Chantant gouged oboe cane"},"content":{"rendered":"<div class=\"wpb-content-wrapper\"><p>[vc_row][vc_column width=&#8221;1\/2&#8243;][vc_column_text]Ces roseaux sont r\u00e9colt\u00e9s dans la r\u00e9gion de Cogolin, dans le Var (r\u00e9gion PACA). Ils sont tr\u00e8s stables avec une fibre tr\u00e8s d\u00e9licate et plut\u00f4t dure. Ils offrent toutes les qualit\u00e9s d\u2019un roseau d\u2019une long\u00e9vit\u00e9 imbattable, parfaitement adapt\u00e9 \u00e0 des climats extr\u00eames et notamment aux hautes altitudes.<\/p>\n<p>Les roseaux goug\u00e9s se pr\u00e9sentent par lots de 10 unit\u00e9s.[\/vc_column_text][\/vc_column][vc_column width=&#8221;1\/2&#8243;][vc_column_text]<em><strong>Note : <\/strong>le gougeage et les mesures sont effectu\u00e9s \u00e0 sec et avec une tol\u00e9rance de + \/ &#8211; .01 mm. R\u00e9aliser ces op\u00e9rations sur du roseau tremp\u00e9 fausserait les donn\u00e9es recueillies (peux aller jusqu\u2019au 0.01mm &#8211; 0.02 mm des fois).<\/em><\/p>\n<p>___<br \/>\nPour plus d&#8217;informations <a href=\"https:\/\/www.le-roseau-oboe.com\/le-roseau-chantant\/contact-telephone-adresse\/\">CONTACTEZ-NOUS<\/a>[\/vc_column_text][\/vc_column][\/vc_row]<\/p>\n<\/div>","protected":false},"excerpt":{"rendered":"<p>[vc_row][vc_column width=&#8221;1\/2&#8243;][vc_column_text]Ces roseaux sont r\u00e9colt\u00e9s dans la r\u00e9gion de Cogolin, dans le Var (r\u00e9gion PACA). Ils sont tr\u00e8s stables avec&#8230;<\/p>\n","protected":false},"featured_media":52513,"template":"","meta":{"kk_blocks_editor_width":"","_kiokenblocks_attr":"","_kiokenblocks_dimensions":""},"product_brand":[],"product_cat":[237,187,242,239],"class_list":{"0":"post-54563","1":"product","2":"type-product","3":"status-publish","4":"has-post-thumbnail","6":"brand-roseau-chantant-en","7":"product_cat-cane","8":"product_cat-processed-cane","9":"product_cat-oboe-processed-cane","10":"product_cat-gouged","12":"first","13":"instock","14":"taxable","15":"shipping-taxable","16":"purchasable","17":"product-type-variable"},"yoast_head":"<!-- This site is optimized with the Yoast SEO plugin v27.5 - https:\/\/yoast.com\/product\/yoast-seo-wordpress\/ -->\n<title>Le choix du Roseau Chantant gouged oboe cane - Le roseau chantant<\/title>\n<meta name=\"robots\" content=\"index, follow, max-snippet:-1, max-image-preview:large, max-video-preview:-1\" \/>\n<link rel=\"canonical\" href=\"https:\/\/www.le-roseau-oboe.com\/en\/product\/54563\/\" \/>\n<meta name=\"twitter:label1\" content=\"Est. reading time\" \/>\n\t<meta name=\"twitter:data1\" content=\"1 minute\" \/>\n<script type=\"application\/ld+json\" class=\"yoast-schema-graph\">{\"@context\":\"https:\\\/\\\/schema.org\",\"@graph\":[{\"@type\":\"WebPage\",\"@id\":\"https:\\\/\\\/www.le-roseau-oboe.com\\\/en\\\/product\\\/54563\\\/\",\"url\":\"https:\\\/\\\/www.le-roseau-oboe.com\\\/en\\\/product\\\/54563\\\/\",\"name\":\"Le choix du Roseau Chantant gouged oboe cane - Le roseau chantant\",\"isPartOf\":{\"@id\":\"https:\\\/\\\/www.le-roseau-oboe.com\\\/en\\\/#website\"},\"primaryImageOfPage\":{\"@id\":\"https:\\\/\\\/www.le-roseau-oboe.com\\\/en\\\/product\\\/54563\\\/#primaryimage\"},\"image\":{\"@id\":\"https:\\\/\\\/www.le-roseau-oboe.com\\\/en\\\/product\\\/54563\\\/#primaryimage\"},\"thumbnailUrl\":\"https:\\\/\\\/www.le-roseau-oboe.com\\\/wp-content\\\/uploads\\\/2016\\\/10\\\/roseau-gouge-rc.jpg\",\"datePublished\":\"2026-05-05T11:47:18+00:00\",\"dateModified\":\"2026-05-05T11:54:57+00:00\",\"breadcrumb\":{\"@id\":\"https:\\\/\\\/www.le-roseau-oboe.com\\\/en\\\/product\\\/54563\\\/#breadcrumb\"},\"inLanguage\":\"en-US\",\"potentialAction\":[{\"@type\":\"ReadAction\",\"target\":[\"https:\\\/\\\/www.le-roseau-oboe.com\\\/en\\\/product\\\/54563\\\/\"]}]},{\"@type\":\"ImageObject\",\"inLanguage\":\"en-US\",\"@id\":\"https:\\\/\\\/www.le-roseau-oboe.com\\\/en\\\/product\\\/54563\\\/#primaryimage\",\"url\":\"https:\\\/\\\/www.le-roseau-oboe.com\\\/wp-content\\\/uploads\\\/2016\\\/10\\\/roseau-gouge-rc.jpg\",\"contentUrl\":\"https:\\\/\\\/www.le-roseau-oboe.com\\\/wp-content\\\/uploads\\\/2016\\\/10\\\/roseau-gouge-rc.jpg\",\"width\":1772,\"height\":1772},{\"@type\":\"BreadcrumbList\",\"@id\":\"https:\\\/\\\/www.le-roseau-oboe.com\\\/en\\\/product\\\/54563\\\/#breadcrumb\",\"itemListElement\":[{\"@type\":\"ListItem\",\"position\":1,\"name\":\"Home\",\"item\":\"https:\\\/\\\/www.le-roseau-oboe.com\\\/en\\\/\"},{\"@type\":\"ListItem\",\"position\":2,\"name\":\"Shop\",\"item\":\"https:\\\/\\\/www.le-roseau-oboe.com\\\/en\\\/shop\\\/\"},{\"@type\":\"ListItem\",\"position\":3,\"name\":\"Le choix du Roseau Chantant gouged oboe cane\"}]},{\"@type\":\"WebSite\",\"@id\":\"https:\\\/\\\/www.le-roseau-oboe.com\\\/en\\\/#website\",\"url\":\"https:\\\/\\\/www.le-roseau-oboe.com\\\/en\\\/\",\"name\":\"Le roseau chantant\",\"description\":\"Born of the winds\",\"potentialAction\":[{\"@type\":\"SearchAction\",\"target\":{\"@type\":\"EntryPoint\",\"urlTemplate\":\"https:\\\/\\\/www.le-roseau-oboe.com\\\/en\\\/?s={search_term_string}\"},\"query-input\":{\"@type\":\"PropertyValueSpecification\",\"valueRequired\":true,\"valueName\":\"search_term_string\"}}],\"inLanguage\":\"en-US\"}]}<\/script>\n<!-- \/ Yoast SEO plugin. -->","yoast_head_json":{"title":"Le choix du Roseau Chantant gouged oboe cane - Le roseau chantant","robots":{"index":"index","follow":"follow","max-snippet":"max-snippet:-1","max-image-preview":"max-image-preview:large","max-video-preview":"max-video-preview:-1"},"canonical":"https:\/\/www.le-roseau-oboe.com\/en\/product\/54563\/","twitter_misc":{"Est. reading time":"1 minute"},"schema":{"@context":"https:\/\/schema.org","@graph":[{"@type":"WebPage","@id":"https:\/\/www.le-roseau-oboe.com\/en\/product\/54563\/","url":"https:\/\/www.le-roseau-oboe.com\/en\/product\/54563\/","name":"Le choix du Roseau Chantant gouged oboe cane - Le roseau chantant","isPartOf":{"@id":"https:\/\/www.le-roseau-oboe.com\/en\/#website"},"primaryImageOfPage":{"@id":"https:\/\/www.le-roseau-oboe.com\/en\/product\/54563\/#primaryimage"},"image":{"@id":"https:\/\/www.le-roseau-oboe.com\/en\/product\/54563\/#primaryimage"},"thumbnailUrl":"https:\/\/www.le-roseau-oboe.com\/wp-content\/uploads\/2016\/10\/roseau-gouge-rc.jpg","datePublished":"2026-05-05T11:47:18+00:00","dateModified":"2026-05-05T11:54:57+00:00","breadcrumb":{"@id":"https:\/\/www.le-roseau-oboe.com\/en\/product\/54563\/#breadcrumb"},"inLanguage":"en-US","potentialAction":[{"@type":"ReadAction","target":["https:\/\/www.le-roseau-oboe.com\/en\/product\/54563\/"]}]},{"@type":"ImageObject","inLanguage":"en-US","@id":"https:\/\/www.le-roseau-oboe.com\/en\/product\/54563\/#primaryimage","url":"https:\/\/www.le-roseau-oboe.com\/wp-content\/uploads\/2016\/10\/roseau-gouge-rc.jpg","contentUrl":"https:\/\/www.le-roseau-oboe.com\/wp-content\/uploads\/2016\/10\/roseau-gouge-rc.jpg","width":1772,"height":1772},{"@type":"BreadcrumbList","@id":"https:\/\/www.le-roseau-oboe.com\/en\/product\/54563\/#breadcrumb","itemListElement":[{"@type":"ListItem","position":1,"name":"Home","item":"https:\/\/www.le-roseau-oboe.com\/en\/"},{"@type":"ListItem","position":2,"name":"Shop","item":"https:\/\/www.le-roseau-oboe.com\/en\/shop\/"},{"@type":"ListItem","position":3,"name":"Le choix du Roseau Chantant gouged oboe cane"}]},{"@type":"WebSite","@id":"https:\/\/www.le-roseau-oboe.com\/en\/#website","url":"https:\/\/www.le-roseau-oboe.com\/en\/","name":"Le roseau chantant","description":"Born of the winds","potentialAction":[{"@type":"SearchAction","target":{"@type":"EntryPoint","urlTemplate":"https:\/\/www.le-roseau-oboe.com\/en\/?s={search_term_string}"},"query-input":{"@type":"PropertyValueSpecification","valueRequired":true,"valueName":"search_term_string"}}],"inLanguage":"en-US"}]}},"_links":{"self":[{"href":"https:\/\/www.le-roseau-oboe.com\/en\/wp-json\/wp\/v2\/product\/54563","targetHints":{"allow":["GET"]}}],"collection":[{"href":"https:\/\/www.le-roseau-oboe.com\/en\/wp-json\/wp\/v2\/product"}],"about":[{"href":"https:\/\/www.le-roseau-oboe.com\/en\/wp-json\/wp\/v2\/types\/product"}],"wp:featuredmedia":[{"embeddable":true,"href":"https:\/\/www.le-roseau-oboe.com\/en\/wp-json\/wp\/v2\/media\/52513"}],"wp:attachment":[{"href":"https:\/\/www.le-roseau-oboe.com\/en\/wp-json\/wp\/v2\/media?parent=54563"}],"wp:term":[{"taxonomy":"product_brand","embeddable":true,"href":"https:\/\/www.le-roseau-oboe.com\/en\/wp-json\/wp\/v2\/product_brand?post=54563"},{"taxonomy":"product_cat","embeddable":true,"href":"https:\/\/www.le-roseau-oboe.com\/en\/wp-json\/wp\/v2\/product_cat?post=54563"}],"curies":[{"name":"wp","href":"https:\/\/api.w.org\/{rel}","templated":true}]}}