{"id":17033,"date":"2017-11-30T15:20:42","date_gmt":"2017-11-30T14:20:42","guid":{"rendered":"https:\/\/www.le-roseau-oboe.com\/produit\/loree-cor-anglais-model-i3\/"},"modified":"2019-06-21T10:56:55","modified_gmt":"2019-06-21T08:56:55","slug":"loree-cor-anglais-model-i3","status":"publish","type":"product","link":"https:\/\/www.le-roseau-oboe.com\/en\/product\/loree-cor-anglais-model-i3\/","title":{"rendered":"Lor\u00e9e Cor anglais model i+3"},"content":{"rendered":"<div class=\"wpb-content-wrapper\"><p>[vc_row][vc_column width=&#8221;1\/2&#8243;][vc_column_text]<\/p>\n<h5>The Lor\u00e9e Company<\/h5>\n<p>The famous French oboe manufacturing company Lor\u00e9e was founded in 1881 by Fran\u00e7ois Lor\u00e9e, ex-foreman of Tri\u00e9bert Oboe Company. Lucien, the son of Fran\u00e7ois &#8211; to whom he passed on his knowledge and expertise -, took over the firm upon Fran\u00e7ois&#8217; death in 1902. <\/p>\n<p>Mentored by the renowned Paris Conservatoire oboe teacher Georges Gillet, Lucien Lor\u00e9e modernized the oboe and introduced several new inventions. The famous &#8220;Conservatoire Plateau System&#8221; was one of these, and from 1906 onwards it was rapidly adopted by soloists around the world. Instrument manufacturer Raymond Dubois acquired the firm in 1925, but Lucien Lor\u00e9e still took an active part in production.<\/p>\n<p>Robert de Gourdon, Mr. Dubois\u2019 son-in-law, joined the firm in 1935 and worked in collaboration with Lucien Lor\u00e9e. In 1967, Robert de Gourdon began to share his knowledge and expertise with his son, Alain, who is now President of the firm.<br \/>\nEn 1974, Alain de Gourdon took over Cabart, which became the trademark for the student oboe line, prized for its perfect tuning and high quality. Upon the request of several teachers desiring to enable younger children to learn oboe, the firm released the &#8220;Cabart Petites Mains&#8221; oboe. This model is lighter and has a simplified key system for children with a shorter reach, making it ideal for younger beginners. <\/p>\n<p>Thanks to the Company\u2019s brilliant innovations and high standards of instrument manufacturing, a new masterpiece &#8211; &#8220;Le Royal&#8221; &#8211; was created and introduced in 1989. Combining reliability with aesthetic and tonal beauty, &#8220;Le Royal&#8221; remains the gold standard of oboes throughout the world.<\/p>\n<p>In 2006, to celebrate the 125th anniversary of the F.Lor\u00e9e firm and the 100-year anniversary of the &#8220;Conservatoire Plateau System&#8221;, a &#8220;limited series&#8221; of Royal oboes was introduced.  In 2013 a new model &#8211; the \u201cEtoile\u201d &#8211; was added to the prestigious lineup of the Lor\u00e9e instruments.\n<\/p>\n<p>[\/vc_column_text][\/vc_column][vc_column width=&#8221;1\/2&#8243;][vc_column_text css=&#8221;.vc_custom_1511189240998{margin-top: 0px !important;margin-bottom: 0px !important;border-left-width: 10px !important;padding-top: 15px !important;padding-right: 20px !important;padding-bottom: 15px !important;padding-left: 20px !important;background-color: #eaf9f9 !important;border-left-color: #00a19c !important;border-left-style: solid !important;}&#8221;]<\/p>\n<h5>Care of a new instrument<\/h5>\n<p>Important precautions, Playing-in instructions, and tips for the care and use of your new instrument.<\/p>\n<p>[\/vc_column_text]<div class=\" ubtn-ctn-right \"><a class=\"ubtn-link ult-adjust-bottom-margin ubtn-right ubtn-mini \" href=\"https:\/\/www.le-roseau-oboe.com\/wp-content\/uploads\/2019\/06\/caring-for-and-playing-in-brand-new-oboe.pdf\" target=\"_blank\" rel=\"noopener\" ><button type=\"button\" id=\"ubtn-3191\"  class=\"ubtn ult-adjust-bottom-margin ult-responsive ubtn-mini ubtn-no-hover-bg  none  ubtn-right   tooltip-69e372f80ecb2\"  data-hover=\"\" data-border-color=\"\" data-bg=\"#00a19c\" data-hover-bg=\"\" data-border-hover=\"\" data-shadow-hover=\"\" data-shadow-click=\"none\" data-shadow=\"\" data-shd-shadow=\"\"  data-ultimate-target='#ubtn-3191'  data-responsive-json-new='{\"font-size\":\"\",\"line-height\":\"\"}'  style=\"font-weight:normal;border:none;background: #00a19c;color: #ffffff;\"><span class=\"ubtn-hover\" style=\"background-color:\"><\/span><span class=\"ubtn-data ubtn-text \" >FIND OUT MORE<\/span><\/button><\/a><\/div>[vc_column_text]<em><strong>Note :<\/strong> No particular note for this product<\/em><\/p>\n<p>___<br \/>\nFor further information <a href=\"https:\/\/www.le-roseau-oboe.com\/en\/contact-phone-address\/\">CONTACT US<\/a><\/p>\n<p>[\/vc_column_text][\/vc_column][\/vc_row]<\/p>\n<\/div>","protected":false},"excerpt":{"rendered":"<h2>Lor\u00e9e Cor Anglais model i+3<\/h2>\n<p>The Lor\u00e9e i+3 Cor anglais, with is expressive dark sound and comfortable, precise mechanism, has a long-established reputation for reliability and tonal beauty, and is exceptionally popular with both professional and amateur musicians.<\/p>\n<\/p>\n<ul>\n<li>Body of seasoned Grenadilla wood<\/li>\n<li>Full Conservatoire plateaux system<\/li>\n<li>Third octave key<\/li>\n<li>All trill keys<\/li>\n<li>Left hand (&#8216;long&#8217;) F key<\/li>\n<li>Low B natural resonance key<\/li>\n<li>Supplied with two silver-plated bocals (crooks)<\/li>\n<\/ul>\n<p><strong>OPTIONAL EXTRAS<\/strong> (by request only)<\/p>\n<ul>\n<li>Gold-plated keywork<\/li>\n<li>Violet wood<\/li>\n<li>Synthetic material (top joint only)<\/li>\n<li>Bottom Bb extension.<\/li>\n<\/ul>\n[ult_buttons btn_title=\"CONTACT US FOR FURTHER INFO AND CURRENT PRICES\" btn_link=\"url:https%3A%2F%2Fwww.le-roseau-oboe.com%2Fen%2Fcontact-phone-address%2F||target:%20_blank|\" btn_size=\"ubtn-small\" btn_title_color=\"#ffffff\" btn_bg_color=\"#8b8a8c\" icon_size=\"32\" btn_icon_pos=\"ubtn-sep-icon-at-left\"]\n","protected":false},"featured_media":12710,"template":"","meta":{"kk_blocks_editor_width":"","_kiokenblocks_attr":"","_kiokenblocks_dimensions":""},"product_brand":[],"product_cat":[201,177,184],"class_list":{"0":"post-17033","1":"product","2":"type-product","3":"status-publish","4":"has-post-thumbnail","6":"brand-loree-en","7":"product_cat-instrument","8":"product_cat-new-instruments-oboe-cor-anglais","9":"product_cat-cor-anglais-instrument","11":"first","12":"instock","13":"virtual","14":"taxable","15":"purchasable","16":"product-type-simple"},"yoast_head":"<!-- This site is optimized with the Yoast SEO plugin v26.7 - https:\/\/yoast.com\/wordpress\/plugins\/seo\/ -->\n<title>Lor\u00e9e Cor anglais model i+3 - Le roseau chantant<\/title>\n<meta name=\"robots\" content=\"index, follow, max-snippet:-1, max-image-preview:large, max-video-preview:-1\" \/>\n<link rel=\"canonical\" href=\"https:\/\/www.le-roseau-oboe.com\/en\/product\/loree-cor-anglais-model-i3\/\" \/>\n<meta name=\"twitter:label1\" content=\"Est. reading time\" \/>\n\t<meta name=\"twitter:data1\" content=\"2 minutes\" \/>\n<script type=\"application\/ld+json\" class=\"yoast-schema-graph\">{\"@context\":\"https:\/\/schema.org\",\"@graph\":[{\"@type\":\"WebPage\",\"@id\":\"https:\/\/www.le-roseau-oboe.com\/en\/product\/loree-cor-anglais-model-i3\/\",\"url\":\"https:\/\/www.le-roseau-oboe.com\/en\/product\/loree-cor-anglais-model-i3\/\",\"name\":\"Lor\u00e9e Cor anglais model i+3 - Le roseau chantant\",\"isPartOf\":{\"@id\":\"https:\/\/www.le-roseau-oboe.com\/en\/#website\"},\"primaryImageOfPage\":{\"@id\":\"https:\/\/www.le-roseau-oboe.com\/en\/product\/loree-cor-anglais-model-i3\/#primaryimage\"},\"image\":{\"@id\":\"https:\/\/www.le-roseau-oboe.com\/en\/product\/loree-cor-anglais-model-i3\/#primaryimage\"},\"thumbnailUrl\":\"https:\/\/www.le-roseau-oboe.com\/wp-content\/uploads\/2017\/11\/cor-anglais-f-loree-i-3-neuf.jpg\",\"datePublished\":\"2017-11-30T14:20:42+00:00\",\"dateModified\":\"2019-06-21T08:56:55+00:00\",\"breadcrumb\":{\"@id\":\"https:\/\/www.le-roseau-oboe.com\/en\/product\/loree-cor-anglais-model-i3\/#breadcrumb\"},\"inLanguage\":\"en-US\",\"potentialAction\":[{\"@type\":\"ReadAction\",\"target\":[\"https:\/\/www.le-roseau-oboe.com\/en\/product\/loree-cor-anglais-model-i3\/\"]}]},{\"@type\":\"ImageObject\",\"inLanguage\":\"en-US\",\"@id\":\"https:\/\/www.le-roseau-oboe.com\/en\/product\/loree-cor-anglais-model-i3\/#primaryimage\",\"url\":\"https:\/\/www.le-roseau-oboe.com\/wp-content\/uploads\/2017\/11\/cor-anglais-f-loree-i-3-neuf.jpg\",\"contentUrl\":\"https:\/\/www.le-roseau-oboe.com\/wp-content\/uploads\/2017\/11\/cor-anglais-f-loree-i-3-neuf.jpg\",\"width\":800,\"height\":800,\"caption\":\"Lor\u00e9e Cor anglais model i+3\"},{\"@type\":\"BreadcrumbList\",\"@id\":\"https:\/\/www.le-roseau-oboe.com\/en\/product\/loree-cor-anglais-model-i3\/#breadcrumb\",\"itemListElement\":[{\"@type\":\"ListItem\",\"position\":1,\"name\":\"Home\",\"item\":\"https:\/\/www.le-roseau-oboe.com\/en\/\"},{\"@type\":\"ListItem\",\"position\":2,\"name\":\"Shop\",\"item\":\"https:\/\/www.le-roseau-oboe.com\/en\/shop\/\"},{\"@type\":\"ListItem\",\"position\":3,\"name\":\"Lor\u00e9e Cor anglais model i+3\"}]},{\"@type\":\"WebSite\",\"@id\":\"https:\/\/www.le-roseau-oboe.com\/en\/#website\",\"url\":\"https:\/\/www.le-roseau-oboe.com\/en\/\",\"name\":\"Le roseau chantant\",\"description\":\"Born of the winds\",\"potentialAction\":[{\"@type\":\"SearchAction\",\"target\":{\"@type\":\"EntryPoint\",\"urlTemplate\":\"https:\/\/www.le-roseau-oboe.com\/en\/?s={search_term_string}\"},\"query-input\":{\"@type\":\"PropertyValueSpecification\",\"valueRequired\":true,\"valueName\":\"search_term_string\"}}],\"inLanguage\":\"en-US\"}]}<\/script>\n<!-- \/ Yoast SEO plugin. -->","yoast_head_json":{"title":"Lor\u00e9e Cor anglais model i+3 - Le roseau chantant","robots":{"index":"index","follow":"follow","max-snippet":"max-snippet:-1","max-image-preview":"max-image-preview:large","max-video-preview":"max-video-preview:-1"},"canonical":"https:\/\/www.le-roseau-oboe.com\/en\/product\/loree-cor-anglais-model-i3\/","twitter_misc":{"Est. reading time":"2 minutes"},"schema":{"@context":"https:\/\/schema.org","@graph":[{"@type":"WebPage","@id":"https:\/\/www.le-roseau-oboe.com\/en\/product\/loree-cor-anglais-model-i3\/","url":"https:\/\/www.le-roseau-oboe.com\/en\/product\/loree-cor-anglais-model-i3\/","name":"Lor\u00e9e Cor anglais model i+3 - Le roseau chantant","isPartOf":{"@id":"https:\/\/www.le-roseau-oboe.com\/en\/#website"},"primaryImageOfPage":{"@id":"https:\/\/www.le-roseau-oboe.com\/en\/product\/loree-cor-anglais-model-i3\/#primaryimage"},"image":{"@id":"https:\/\/www.le-roseau-oboe.com\/en\/product\/loree-cor-anglais-model-i3\/#primaryimage"},"thumbnailUrl":"https:\/\/www.le-roseau-oboe.com\/wp-content\/uploads\/2017\/11\/cor-anglais-f-loree-i-3-neuf.jpg","datePublished":"2017-11-30T14:20:42+00:00","dateModified":"2019-06-21T08:56:55+00:00","breadcrumb":{"@id":"https:\/\/www.le-roseau-oboe.com\/en\/product\/loree-cor-anglais-model-i3\/#breadcrumb"},"inLanguage":"en-US","potentialAction":[{"@type":"ReadAction","target":["https:\/\/www.le-roseau-oboe.com\/en\/product\/loree-cor-anglais-model-i3\/"]}]},{"@type":"ImageObject","inLanguage":"en-US","@id":"https:\/\/www.le-roseau-oboe.com\/en\/product\/loree-cor-anglais-model-i3\/#primaryimage","url":"https:\/\/www.le-roseau-oboe.com\/wp-content\/uploads\/2017\/11\/cor-anglais-f-loree-i-3-neuf.jpg","contentUrl":"https:\/\/www.le-roseau-oboe.com\/wp-content\/uploads\/2017\/11\/cor-anglais-f-loree-i-3-neuf.jpg","width":800,"height":800,"caption":"Lor\u00e9e Cor anglais model i+3"},{"@type":"BreadcrumbList","@id":"https:\/\/www.le-roseau-oboe.com\/en\/product\/loree-cor-anglais-model-i3\/#breadcrumb","itemListElement":[{"@type":"ListItem","position":1,"name":"Home","item":"https:\/\/www.le-roseau-oboe.com\/en\/"},{"@type":"ListItem","position":2,"name":"Shop","item":"https:\/\/www.le-roseau-oboe.com\/en\/shop\/"},{"@type":"ListItem","position":3,"name":"Lor\u00e9e Cor anglais model i+3"}]},{"@type":"WebSite","@id":"https:\/\/www.le-roseau-oboe.com\/en\/#website","url":"https:\/\/www.le-roseau-oboe.com\/en\/","name":"Le roseau chantant","description":"Born of the winds","potentialAction":[{"@type":"SearchAction","target":{"@type":"EntryPoint","urlTemplate":"https:\/\/www.le-roseau-oboe.com\/en\/?s={search_term_string}"},"query-input":{"@type":"PropertyValueSpecification","valueRequired":true,"valueName":"search_term_string"}}],"inLanguage":"en-US"}]}},"_links":{"self":[{"href":"https:\/\/www.le-roseau-oboe.com\/en\/wp-json\/wp\/v2\/product\/17033","targetHints":{"allow":["GET"]}}],"collection":[{"href":"https:\/\/www.le-roseau-oboe.com\/en\/wp-json\/wp\/v2\/product"}],"about":[{"href":"https:\/\/www.le-roseau-oboe.com\/en\/wp-json\/wp\/v2\/types\/product"}],"wp:featuredmedia":[{"embeddable":true,"href":"https:\/\/www.le-roseau-oboe.com\/en\/wp-json\/wp\/v2\/media\/12710"}],"wp:attachment":[{"href":"https:\/\/www.le-roseau-oboe.com\/en\/wp-json\/wp\/v2\/media?parent=17033"}],"wp:term":[{"taxonomy":"product_brand","embeddable":true,"href":"https:\/\/www.le-roseau-oboe.com\/en\/wp-json\/wp\/v2\/product_brand?post=17033"},{"taxonomy":"product_cat","embeddable":true,"href":"https:\/\/www.le-roseau-oboe.com\/en\/wp-json\/wp\/v2\/product_cat?post=17033"}],"curies":[{"name":"wp","href":"https:\/\/api.w.org\/{rel}","templated":true}]}}