{"id":17009,"date":"2018-01-02T17:54:06","date_gmt":"2018-01-02T16:54:06","guid":{"rendered":"https:\/\/www.le-roseau-oboe.com\/produit\/cd-societe-des-vents-de-montreal-caplet-and-magnard\/"},"modified":"2019-05-07T18:20:44","modified_gmt":"2019-05-07T16:20:44","slug":"cd-societe-des-vents-de-montreal-caplet-and-magnard","status":"publish","type":"product","link":"https:\/\/www.le-roseau-oboe.com\/en\/product\/cd-societe-des-vents-de-montreal-caplet-and-magnard\/","title":{"rendered":"CD Soci\u00e9t\u00e9 des Vents de Montr\u00e9al \u2013 Caplet and Magnard"},"content":{"rendered":"<div class=\"wpb-content-wrapper\"><p>[vc_row][vc_column width=&#8221;1\/2&#8243;][vc_column_text]<\/p>\n<h5>Soci\u00e9t\u00e9 des Vents de Montr\u00e9al &#8211; Caplet et Magnard &#8211; <\/h5>\n<p>Andr\u00e9 Caplet \u2013 Quintet for Piano and winds<br \/>\nAlb\u00e9ric Magnard Quintette op. 8 for Piano and Winds<\/p>\n<p>Musical Direction: <strong>Dimiter Jordanov<\/strong> <em>Oboe<\/em><\/p>\n<p>[\/vc_column_text][\/vc_column][vc_column width=&#8221;1\/2&#8243;][vc_column_text]<\/p>\n<p><em><strong>Note : No particular note for this product<\/strong>.<\/em><\/p>\n<p>___<br \/>\nFor further information <a href=\"https:\/\/www.le-roseau-oboe.com\/en\/contact-phone-address\/\">CONTACT US<\/a><\/p>\n<p>[\/vc_column_text][\/vc_column][\/vc_row]<\/p>\n<\/div>","protected":false},"excerpt":{"rendered":"<div class=\"delais\"><span class=\"label label-vert\">\u2022<\/span>Delivery time from 3-5 days &#8211; details below.<\/div>\n","protected":false},"featured_media":12737,"template":"","meta":{"kk_blocks_editor_width":"","_kiokenblocks_attr":"","_kiokenblocks_dimensions":""},"product_brand":[],"product_cat":[154,155],"class_list":{"0":"post-17009","1":"product","2":"type-product","3":"status-publish","4":"has-post-thumbnail","6":"brand-compact-disc-en","7":"product_cat-compact-disc","8":"product_cat-cds-oboe","10":"first","11":"instock","12":"taxable","13":"shipping-taxable","14":"purchasable","15":"product-type-simple"},"yoast_head":"<!-- This site is optimized with the Yoast SEO plugin v26.7 - https:\/\/yoast.com\/wordpress\/plugins\/seo\/ -->\n<title>CD Soci\u00e9t\u00e9 des Vents de Montr\u00e9al \u2013 Caplet and Magnard - Le roseau chantant<\/title>\n<meta name=\"robots\" content=\"index, follow, max-snippet:-1, max-image-preview:large, max-video-preview:-1\" \/>\n<link rel=\"canonical\" href=\"https:\/\/www.le-roseau-oboe.com\/en\/product\/cd-societe-des-vents-de-montreal-caplet-and-magnard\/\" \/>\n<script type=\"application\/ld+json\" class=\"yoast-schema-graph\">{\"@context\":\"https:\/\/schema.org\",\"@graph\":[{\"@type\":\"WebPage\",\"@id\":\"https:\/\/www.le-roseau-oboe.com\/en\/product\/cd-societe-des-vents-de-montreal-caplet-and-magnard\/\",\"url\":\"https:\/\/www.le-roseau-oboe.com\/en\/product\/cd-societe-des-vents-de-montreal-caplet-and-magnard\/\",\"name\":\"CD Soci\u00e9t\u00e9 des Vents de Montr\u00e9al \u2013 Caplet and Magnard - Le roseau chantant\",\"isPartOf\":{\"@id\":\"https:\/\/www.le-roseau-oboe.com\/en\/#website\"},\"primaryImageOfPage\":{\"@id\":\"https:\/\/www.le-roseau-oboe.com\/en\/product\/cd-societe-des-vents-de-montreal-caplet-and-magnard\/#primaryimage\"},\"image\":{\"@id\":\"https:\/\/www.le-roseau-oboe.com\/en\/product\/cd-societe-des-vents-de-montreal-caplet-and-magnard\/#primaryimage\"},\"thumbnailUrl\":\"https:\/\/www.le-roseau-oboe.com\/wp-content\/uploads\/2018\/01\/societe-des-vents-de-montreal.jpg\",\"datePublished\":\"2018-01-02T16:54:06+00:00\",\"dateModified\":\"2019-05-07T16:20:44+00:00\",\"breadcrumb\":{\"@id\":\"https:\/\/www.le-roseau-oboe.com\/en\/product\/cd-societe-des-vents-de-montreal-caplet-and-magnard\/#breadcrumb\"},\"inLanguage\":\"en-US\",\"potentialAction\":[{\"@type\":\"ReadAction\",\"target\":[\"https:\/\/www.le-roseau-oboe.com\/en\/product\/cd-societe-des-vents-de-montreal-caplet-and-magnard\/\"]}]},{\"@type\":\"ImageObject\",\"inLanguage\":\"en-US\",\"@id\":\"https:\/\/www.le-roseau-oboe.com\/en\/product\/cd-societe-des-vents-de-montreal-caplet-and-magnard\/#primaryimage\",\"url\":\"https:\/\/www.le-roseau-oboe.com\/wp-content\/uploads\/2018\/01\/societe-des-vents-de-montreal.jpg\",\"contentUrl\":\"https:\/\/www.le-roseau-oboe.com\/wp-content\/uploads\/2018\/01\/societe-des-vents-de-montreal.jpg\",\"width\":800,\"height\":800,\"caption\":\"CD Soci\u00e9t\u00e9 des Vents de Montr\u00e9al \u2013 Caplet et Magnard\"},{\"@type\":\"BreadcrumbList\",\"@id\":\"https:\/\/www.le-roseau-oboe.com\/en\/product\/cd-societe-des-vents-de-montreal-caplet-and-magnard\/#breadcrumb\",\"itemListElement\":[{\"@type\":\"ListItem\",\"position\":1,\"name\":\"Home\",\"item\":\"https:\/\/www.le-roseau-oboe.com\/en\/\"},{\"@type\":\"ListItem\",\"position\":2,\"name\":\"Shop\",\"item\":\"https:\/\/www.le-roseau-oboe.com\/en\/shop\/\"},{\"@type\":\"ListItem\",\"position\":3,\"name\":\"CD Soci\u00e9t\u00e9 des Vents de Montr\u00e9al \u2013 Caplet and Magnard\"}]},{\"@type\":\"WebSite\",\"@id\":\"https:\/\/www.le-roseau-oboe.com\/en\/#website\",\"url\":\"https:\/\/www.le-roseau-oboe.com\/en\/\",\"name\":\"Le roseau chantant\",\"description\":\"Born of the winds\",\"potentialAction\":[{\"@type\":\"SearchAction\",\"target\":{\"@type\":\"EntryPoint\",\"urlTemplate\":\"https:\/\/www.le-roseau-oboe.com\/en\/?s={search_term_string}\"},\"query-input\":{\"@type\":\"PropertyValueSpecification\",\"valueRequired\":true,\"valueName\":\"search_term_string\"}}],\"inLanguage\":\"en-US\"}]}<\/script>\n<!-- \/ Yoast SEO plugin. -->","yoast_head_json":{"title":"CD Soci\u00e9t\u00e9 des Vents de Montr\u00e9al \u2013 Caplet and Magnard - Le roseau chantant","robots":{"index":"index","follow":"follow","max-snippet":"max-snippet:-1","max-image-preview":"max-image-preview:large","max-video-preview":"max-video-preview:-1"},"canonical":"https:\/\/www.le-roseau-oboe.com\/en\/product\/cd-societe-des-vents-de-montreal-caplet-and-magnard\/","schema":{"@context":"https:\/\/schema.org","@graph":[{"@type":"WebPage","@id":"https:\/\/www.le-roseau-oboe.com\/en\/product\/cd-societe-des-vents-de-montreal-caplet-and-magnard\/","url":"https:\/\/www.le-roseau-oboe.com\/en\/product\/cd-societe-des-vents-de-montreal-caplet-and-magnard\/","name":"CD Soci\u00e9t\u00e9 des Vents de Montr\u00e9al \u2013 Caplet and Magnard - Le roseau chantant","isPartOf":{"@id":"https:\/\/www.le-roseau-oboe.com\/en\/#website"},"primaryImageOfPage":{"@id":"https:\/\/www.le-roseau-oboe.com\/en\/product\/cd-societe-des-vents-de-montreal-caplet-and-magnard\/#primaryimage"},"image":{"@id":"https:\/\/www.le-roseau-oboe.com\/en\/product\/cd-societe-des-vents-de-montreal-caplet-and-magnard\/#primaryimage"},"thumbnailUrl":"https:\/\/www.le-roseau-oboe.com\/wp-content\/uploads\/2018\/01\/societe-des-vents-de-montreal.jpg","datePublished":"2018-01-02T16:54:06+00:00","dateModified":"2019-05-07T16:20:44+00:00","breadcrumb":{"@id":"https:\/\/www.le-roseau-oboe.com\/en\/product\/cd-societe-des-vents-de-montreal-caplet-and-magnard\/#breadcrumb"},"inLanguage":"en-US","potentialAction":[{"@type":"ReadAction","target":["https:\/\/www.le-roseau-oboe.com\/en\/product\/cd-societe-des-vents-de-montreal-caplet-and-magnard\/"]}]},{"@type":"ImageObject","inLanguage":"en-US","@id":"https:\/\/www.le-roseau-oboe.com\/en\/product\/cd-societe-des-vents-de-montreal-caplet-and-magnard\/#primaryimage","url":"https:\/\/www.le-roseau-oboe.com\/wp-content\/uploads\/2018\/01\/societe-des-vents-de-montreal.jpg","contentUrl":"https:\/\/www.le-roseau-oboe.com\/wp-content\/uploads\/2018\/01\/societe-des-vents-de-montreal.jpg","width":800,"height":800,"caption":"CD Soci\u00e9t\u00e9 des Vents de Montr\u00e9al \u2013 Caplet et Magnard"},{"@type":"BreadcrumbList","@id":"https:\/\/www.le-roseau-oboe.com\/en\/product\/cd-societe-des-vents-de-montreal-caplet-and-magnard\/#breadcrumb","itemListElement":[{"@type":"ListItem","position":1,"name":"Home","item":"https:\/\/www.le-roseau-oboe.com\/en\/"},{"@type":"ListItem","position":2,"name":"Shop","item":"https:\/\/www.le-roseau-oboe.com\/en\/shop\/"},{"@type":"ListItem","position":3,"name":"CD Soci\u00e9t\u00e9 des Vents de Montr\u00e9al \u2013 Caplet and Magnard"}]},{"@type":"WebSite","@id":"https:\/\/www.le-roseau-oboe.com\/en\/#website","url":"https:\/\/www.le-roseau-oboe.com\/en\/","name":"Le roseau chantant","description":"Born of the winds","potentialAction":[{"@type":"SearchAction","target":{"@type":"EntryPoint","urlTemplate":"https:\/\/www.le-roseau-oboe.com\/en\/?s={search_term_string}"},"query-input":{"@type":"PropertyValueSpecification","valueRequired":true,"valueName":"search_term_string"}}],"inLanguage":"en-US"}]}},"_links":{"self":[{"href":"https:\/\/www.le-roseau-oboe.com\/en\/wp-json\/wp\/v2\/product\/17009","targetHints":{"allow":["GET"]}}],"collection":[{"href":"https:\/\/www.le-roseau-oboe.com\/en\/wp-json\/wp\/v2\/product"}],"about":[{"href":"https:\/\/www.le-roseau-oboe.com\/en\/wp-json\/wp\/v2\/types\/product"}],"wp:featuredmedia":[{"embeddable":true,"href":"https:\/\/www.le-roseau-oboe.com\/en\/wp-json\/wp\/v2\/media\/12737"}],"wp:attachment":[{"href":"https:\/\/www.le-roseau-oboe.com\/en\/wp-json\/wp\/v2\/media?parent=17009"}],"wp:term":[{"taxonomy":"product_brand","embeddable":true,"href":"https:\/\/www.le-roseau-oboe.com\/en\/wp-json\/wp\/v2\/product_brand?post=17009"},{"taxonomy":"product_cat","embeddable":true,"href":"https:\/\/www.le-roseau-oboe.com\/en\/wp-json\/wp\/v2\/product_cat?post=17009"}],"curies":[{"name":"wp","href":"https:\/\/api.w.org\/{rel}","templated":true}]}}