{"id":14970,"date":"2017-04-28T11:37:33","date_gmt":"2017-04-28T09:37:33","guid":{"rendered":"https:\/\/www.le-roseau-oboe.com\/produit\/rc2-oboe-staple\/"},"modified":"2026-03-12T14:04:35","modified_gmt":"2026-03-12T13:04:35","slug":"rc2-oboe-staple","status":"publish","type":"product","link":"https:\/\/www.le-roseau-oboe.com\/en\/product\/rc2-oboe-staple\/","title":{"rendered":"RC2 Oboe staple"},"content":{"rendered":"<div class=\"wpb-content-wrapper\"><p>[vc_row][vc_column width=&#8221;1\/2&#8243;][vc_column_text]<\/p>\n<h5> Le Roseau Chantant RC2 Oboe staple<\/h5>\n<p> The RC2 staple features a more rapid response and easier speaking at the octave. It is the most responsive of the wider staples, and retains beautiful tone and warmth in the sound.<\/p>\n<p> We developed it in 2009 specifically for the Marigaux oboe Model 901, which then had a slight tendency to be low at the octave &#8211; especially on the A and Bb.  By tapering the form of the cone we were able to increase ease of response and air speed.<\/p>\n<p> The interior bore is relatively wide, but there is not much difference with regard to the exterior as compared with a Chiarugi 2 staple. The metal portion of the staple is slightly differently finished, and the oval end is more round than flat.<\/p>\n<p>[\/vc_column_text][\/vc_column][vc_column width=&#8221;1\/2&#8243;][vc_column_text]<\/p>\n<p><em><strong>Note : <\/strong> This staple will be appreciated by musicians playing Marigaux models 901 to 2001, but also on Rigoutat, Buffet Prestige, Lor\u00e9e Royal and AK bores, Howarth models XL and LXC, and M\u00f6nnig Am155. It is less effective for instruments such as the Lor\u00e9e DM model, Yamaha (European bore), Josef, and Ludwig Franck.<\/em><\/p>\n<p> This staple produces best results at 47 mm and 46 mm lengths.<\/p>\n<p>___<br \/>\n<a href=\"https:\/\/www.le-roseau-oboe.com\/en\/contact-phone-address\/\">CONTACT US<\/a> for further information<\/p>\n<p>[\/vc_column_text][\/vc_column][\/vc_row]<\/p>\n<\/div>","protected":false},"excerpt":{"rendered":"<div class=\"a-partir\">from<\/div>\n<div class=\"delais\"><span class=\"label label-vert\">\u2022<\/span>Delivery time 3-5 days &#8211; d\u00e9tails ci-dessous.<\/div>\n","protected":false},"featured_media":7092,"template":"","meta":{"kk_blocks_editor_width":"","_kiokenblocks_attr":"","_kiokenblocks_dimensions":""},"product_brand":[],"product_cat":[47,150,181,48,49,196],"class_list":{"0":"post-14970","1":"product","2":"type-product","3":"status-publish","4":"has-post-thumbnail","6":"brand-roseau-chantant","7":"brand-roseau-chantant-en","8":"product_cat-accessoires-hautbois-cor-anglais","9":"product_cat-accessories-oboe-cor-anglais","10":"product_cat-staples","11":"product_cat-tubes","12":"product_cat-hautbois-tubes","13":"product_cat-oboe-staples","15":"first","16":"instock","17":"taxable","18":"shipping-taxable","19":"purchasable","20":"product-type-variable","21":"has-default-attributes"},"yoast_head":"<!-- This site is optimized with the Yoast SEO plugin v26.7 - https:\/\/yoast.com\/wordpress\/plugins\/seo\/ -->\n<title>RC2 Oboe staple - Le roseau chantant<\/title>\n<meta name=\"robots\" content=\"index, follow, max-snippet:-1, max-image-preview:large, max-video-preview:-1\" \/>\n<link rel=\"canonical\" href=\"https:\/\/www.le-roseau-oboe.com\/en\/product\/rc2-oboe-staple\/\" \/>\n<meta name=\"twitter:label1\" content=\"Est. reading time\" \/>\n\t<meta name=\"twitter:data1\" content=\"1 minute\" \/>\n<script type=\"application\/ld+json\" class=\"yoast-schema-graph\">{\"@context\":\"https:\/\/schema.org\",\"@graph\":[{\"@type\":\"WebPage\",\"@id\":\"https:\/\/www.le-roseau-oboe.com\/en\/product\/rc2-oboe-staple\/\",\"url\":\"https:\/\/www.le-roseau-oboe.com\/en\/product\/rc2-oboe-staple\/\",\"name\":\"RC2 Oboe staple - Le roseau chantant\",\"isPartOf\":{\"@id\":\"https:\/\/www.le-roseau-oboe.com\/en\/#website\"},\"primaryImageOfPage\":{\"@id\":\"https:\/\/www.le-roseau-oboe.com\/en\/product\/rc2-oboe-staple\/#primaryimage\"},\"image\":{\"@id\":\"https:\/\/www.le-roseau-oboe.com\/en\/product\/rc2-oboe-staple\/#primaryimage\"},\"thumbnailUrl\":\"https:\/\/www.le-roseau-oboe.com\/wp-content\/uploads\/2017\/04\/tube-hautbois-rc2.jpg\",\"datePublished\":\"2017-04-28T09:37:33+00:00\",\"dateModified\":\"2026-03-12T13:04:35+00:00\",\"breadcrumb\":{\"@id\":\"https:\/\/www.le-roseau-oboe.com\/en\/product\/rc2-oboe-staple\/#breadcrumb\"},\"inLanguage\":\"en-US\",\"potentialAction\":[{\"@type\":\"ReadAction\",\"target\":[\"https:\/\/www.le-roseau-oboe.com\/en\/product\/rc2-oboe-staple\/\"]}]},{\"@type\":\"ImageObject\",\"inLanguage\":\"en-US\",\"@id\":\"https:\/\/www.le-roseau-oboe.com\/en\/product\/rc2-oboe-staple\/#primaryimage\",\"url\":\"https:\/\/www.le-roseau-oboe.com\/wp-content\/uploads\/2017\/04\/tube-hautbois-rc2.jpg\",\"contentUrl\":\"https:\/\/www.le-roseau-oboe.com\/wp-content\/uploads\/2017\/04\/tube-hautbois-rc2.jpg\",\"width\":800,\"height\":800,\"caption\":\"Tube pour hautbois RC2\"},{\"@type\":\"BreadcrumbList\",\"@id\":\"https:\/\/www.le-roseau-oboe.com\/en\/product\/rc2-oboe-staple\/#breadcrumb\",\"itemListElement\":[{\"@type\":\"ListItem\",\"position\":1,\"name\":\"Home\",\"item\":\"https:\/\/www.le-roseau-oboe.com\/en\/\"},{\"@type\":\"ListItem\",\"position\":2,\"name\":\"Shop\",\"item\":\"https:\/\/www.le-roseau-oboe.com\/en\/shop\/\"},{\"@type\":\"ListItem\",\"position\":3,\"name\":\"RC2 Oboe staple\"}]},{\"@type\":\"WebSite\",\"@id\":\"https:\/\/www.le-roseau-oboe.com\/en\/#website\",\"url\":\"https:\/\/www.le-roseau-oboe.com\/en\/\",\"name\":\"Le roseau chantant\",\"description\":\"Born of the winds\",\"potentialAction\":[{\"@type\":\"SearchAction\",\"target\":{\"@type\":\"EntryPoint\",\"urlTemplate\":\"https:\/\/www.le-roseau-oboe.com\/en\/?s={search_term_string}\"},\"query-input\":{\"@type\":\"PropertyValueSpecification\",\"valueRequired\":true,\"valueName\":\"search_term_string\"}}],\"inLanguage\":\"en-US\"}]}<\/script>\n<!-- \/ Yoast SEO plugin. -->","yoast_head_json":{"title":"RC2 Oboe staple - Le roseau chantant","robots":{"index":"index","follow":"follow","max-snippet":"max-snippet:-1","max-image-preview":"max-image-preview:large","max-video-preview":"max-video-preview:-1"},"canonical":"https:\/\/www.le-roseau-oboe.com\/en\/product\/rc2-oboe-staple\/","twitter_misc":{"Est. reading time":"1 minute"},"schema":{"@context":"https:\/\/schema.org","@graph":[{"@type":"WebPage","@id":"https:\/\/www.le-roseau-oboe.com\/en\/product\/rc2-oboe-staple\/","url":"https:\/\/www.le-roseau-oboe.com\/en\/product\/rc2-oboe-staple\/","name":"RC2 Oboe staple - Le roseau chantant","isPartOf":{"@id":"https:\/\/www.le-roseau-oboe.com\/en\/#website"},"primaryImageOfPage":{"@id":"https:\/\/www.le-roseau-oboe.com\/en\/product\/rc2-oboe-staple\/#primaryimage"},"image":{"@id":"https:\/\/www.le-roseau-oboe.com\/en\/product\/rc2-oboe-staple\/#primaryimage"},"thumbnailUrl":"https:\/\/www.le-roseau-oboe.com\/wp-content\/uploads\/2017\/04\/tube-hautbois-rc2.jpg","datePublished":"2017-04-28T09:37:33+00:00","dateModified":"2026-03-12T13:04:35+00:00","breadcrumb":{"@id":"https:\/\/www.le-roseau-oboe.com\/en\/product\/rc2-oboe-staple\/#breadcrumb"},"inLanguage":"en-US","potentialAction":[{"@type":"ReadAction","target":["https:\/\/www.le-roseau-oboe.com\/en\/product\/rc2-oboe-staple\/"]}]},{"@type":"ImageObject","inLanguage":"en-US","@id":"https:\/\/www.le-roseau-oboe.com\/en\/product\/rc2-oboe-staple\/#primaryimage","url":"https:\/\/www.le-roseau-oboe.com\/wp-content\/uploads\/2017\/04\/tube-hautbois-rc2.jpg","contentUrl":"https:\/\/www.le-roseau-oboe.com\/wp-content\/uploads\/2017\/04\/tube-hautbois-rc2.jpg","width":800,"height":800,"caption":"Tube pour hautbois RC2"},{"@type":"BreadcrumbList","@id":"https:\/\/www.le-roseau-oboe.com\/en\/product\/rc2-oboe-staple\/#breadcrumb","itemListElement":[{"@type":"ListItem","position":1,"name":"Home","item":"https:\/\/www.le-roseau-oboe.com\/en\/"},{"@type":"ListItem","position":2,"name":"Shop","item":"https:\/\/www.le-roseau-oboe.com\/en\/shop\/"},{"@type":"ListItem","position":3,"name":"RC2 Oboe staple"}]},{"@type":"WebSite","@id":"https:\/\/www.le-roseau-oboe.com\/en\/#website","url":"https:\/\/www.le-roseau-oboe.com\/en\/","name":"Le roseau chantant","description":"Born of the winds","potentialAction":[{"@type":"SearchAction","target":{"@type":"EntryPoint","urlTemplate":"https:\/\/www.le-roseau-oboe.com\/en\/?s={search_term_string}"},"query-input":{"@type":"PropertyValueSpecification","valueRequired":true,"valueName":"search_term_string"}}],"inLanguage":"en-US"}]}},"_links":{"self":[{"href":"https:\/\/www.le-roseau-oboe.com\/en\/wp-json\/wp\/v2\/product\/14970","targetHints":{"allow":["GET"]}}],"collection":[{"href":"https:\/\/www.le-roseau-oboe.com\/en\/wp-json\/wp\/v2\/product"}],"about":[{"href":"https:\/\/www.le-roseau-oboe.com\/en\/wp-json\/wp\/v2\/types\/product"}],"wp:featuredmedia":[{"embeddable":true,"href":"https:\/\/www.le-roseau-oboe.com\/en\/wp-json\/wp\/v2\/media\/7092"}],"wp:attachment":[{"href":"https:\/\/www.le-roseau-oboe.com\/en\/wp-json\/wp\/v2\/media?parent=14970"}],"wp:term":[{"taxonomy":"product_brand","embeddable":true,"href":"https:\/\/www.le-roseau-oboe.com\/en\/wp-json\/wp\/v2\/product_brand?post=14970"},{"taxonomy":"product_cat","embeddable":true,"href":"https:\/\/www.le-roseau-oboe.com\/en\/wp-json\/wp\/v2\/product_cat?post=14970"}],"curies":[{"name":"wp","href":"https:\/\/api.w.org\/{rel}","templated":true}]}}