{"id":11876,"date":"2017-05-23T14:06:32","date_gmt":"2017-05-23T12:06:32","guid":{"rendered":"https:\/\/www.le-roseau-oboe.com\/produit\/bocaux-loree-modele-etoile-argente-cor-anglais\/"},"modified":"2019-05-03T12:30:06","modified_gmt":"2019-05-03T10:30:06","slug":"loree-etoile-model-silver-plated-cor-anglais-crooks","status":"publish","type":"product","link":"https:\/\/www.le-roseau-oboe.com\/en\/product\/loree-etoile-model-silver-plated-cor-anglais-crooks\/","title":{"rendered":"Lor\u00e9e \u00c9toile model silver-plated Cor anglais crooks"},"content":{"rendered":"<div class=\"wpb-content-wrapper\"><p>[vc_row][vc_column width=&#8221;1\/2&#8243;][vc_column_text]<\/p>\n<h5>Lor\u00e9e Cor anglais crooks<\/h5>\n<p>\u00ab \u00c9toile \u00bb model silver-plated.<br \/>\nThe Lor\u00e9e \u00c9toile series was created for optimum projection and tonal intensity. The result is a resounding success. <\/p>\n<p> [\/vc_column_text][\/vc_column][vc_column width=&#8221;1\/2&#8243;][vc_column_text]<\/p>\n<p><em><strong>Note : <\/strong>No particular remarks for this product.<\/em><\/p>\n<p>___<br \/>\n<a href=\"https:\/\/www.le-roseau-oboe.com\/en\/contact-phone-address\/\">CONTACT US<\/a> for further information<\/p>\n<p>[\/vc_column_text][\/vc_column][\/vc_row]<\/p>\n<\/div>","protected":false},"excerpt":{"rendered":"<div class=\"delais\"><span class=\"label label-orange\">\u2022<\/span>Delivery time 6-10 days &#8211; details below.<\/div>\n","protected":false},"featured_media":11858,"template":"","meta":{"kk_blocks_editor_width":"","_kiokenblocks_attr":"","_kiokenblocks_dimensions":""},"product_brand":[],"product_cat":[150,152],"class_list":{"0":"post-11876","1":"product","2":"type-product","3":"status-publish","4":"has-post-thumbnail","6":"brand-loree-en","7":"product_cat-accessories-oboe-cor-anglais","8":"product_cat-cor-anglais-bocals-crooks","10":"first","11":"instock","12":"taxable","13":"shipping-taxable","14":"purchasable","15":"product-type-variable"},"yoast_head":"<!-- This site is optimized with the Yoast SEO plugin v26.7 - https:\/\/yoast.com\/wordpress\/plugins\/seo\/ -->\n<title>Lor\u00e9e \u00c9toile model silver-plated crooks | Cor anglais accessories<\/title>\n<meta name=\"description\" content=\"Lor\u00e9e \u00c9toile model silver-plated Cor anglais crooks, created for optimum projection and tonal intensity. The result is a resounding success.\" \/>\n<meta name=\"robots\" content=\"index, follow, max-snippet:-1, max-image-preview:large, max-video-preview:-1\" \/>\n<link rel=\"canonical\" href=\"https:\/\/www.le-roseau-oboe.com\/en\/product\/loree-etoile-model-silver-plated-cor-anglais-crooks\/\" \/>\n<script type=\"application\/ld+json\" class=\"yoast-schema-graph\">{\"@context\":\"https:\/\/schema.org\",\"@graph\":[{\"@type\":\"WebPage\",\"@id\":\"https:\/\/www.le-roseau-oboe.com\/en\/product\/loree-etoile-model-silver-plated-cor-anglais-crooks\/\",\"url\":\"https:\/\/www.le-roseau-oboe.com\/en\/product\/loree-etoile-model-silver-plated-cor-anglais-crooks\/\",\"name\":\"Lor\u00e9e \u00c9toile model silver-plated crooks | Cor anglais accessories\",\"isPartOf\":{\"@id\":\"https:\/\/www.le-roseau-oboe.com\/en\/#website\"},\"primaryImageOfPage\":{\"@id\":\"https:\/\/www.le-roseau-oboe.com\/en\/product\/loree-etoile-model-silver-plated-cor-anglais-crooks\/#primaryimage\"},\"image\":{\"@id\":\"https:\/\/www.le-roseau-oboe.com\/en\/product\/loree-etoile-model-silver-plated-cor-anglais-crooks\/#primaryimage\"},\"thumbnailUrl\":\"https:\/\/www.le-roseau-oboe.com\/wp-content\/uploads\/2017\/05\/bocal-bocaux-cor-anglais-hautbois.jpg\",\"datePublished\":\"2017-05-23T12:06:32+00:00\",\"dateModified\":\"2019-05-03T10:30:06+00:00\",\"description\":\"Lor\u00e9e \u00c9toile model silver-plated Cor anglais crooks, created for optimum projection and tonal intensity. The result is a resounding success.\",\"breadcrumb\":{\"@id\":\"https:\/\/www.le-roseau-oboe.com\/en\/product\/loree-etoile-model-silver-plated-cor-anglais-crooks\/#breadcrumb\"},\"inLanguage\":\"en-US\",\"potentialAction\":[{\"@type\":\"ReadAction\",\"target\":[\"https:\/\/www.le-roseau-oboe.com\/en\/product\/loree-etoile-model-silver-plated-cor-anglais-crooks\/\"]}]},{\"@type\":\"ImageObject\",\"inLanguage\":\"en-US\",\"@id\":\"https:\/\/www.le-roseau-oboe.com\/en\/product\/loree-etoile-model-silver-plated-cor-anglais-crooks\/#primaryimage\",\"url\":\"https:\/\/www.le-roseau-oboe.com\/wp-content\/uploads\/2017\/05\/bocal-bocaux-cor-anglais-hautbois.jpg\",\"contentUrl\":\"https:\/\/www.le-roseau-oboe.com\/wp-content\/uploads\/2017\/05\/bocal-bocaux-cor-anglais-hautbois.jpg\",\"width\":800,\"height\":800,\"caption\":\"Cor anglais crooks\"},{\"@type\":\"BreadcrumbList\",\"@id\":\"https:\/\/www.le-roseau-oboe.com\/en\/product\/loree-etoile-model-silver-plated-cor-anglais-crooks\/#breadcrumb\",\"itemListElement\":[{\"@type\":\"ListItem\",\"position\":1,\"name\":\"Home\",\"item\":\"https:\/\/www.le-roseau-oboe.com\/en\/\"},{\"@type\":\"ListItem\",\"position\":2,\"name\":\"Shop\",\"item\":\"https:\/\/www.le-roseau-oboe.com\/en\/shop\/\"},{\"@type\":\"ListItem\",\"position\":3,\"name\":\"Lor\u00e9e \u00c9toile model silver-plated Cor anglais crooks\"}]},{\"@type\":\"WebSite\",\"@id\":\"https:\/\/www.le-roseau-oboe.com\/en\/#website\",\"url\":\"https:\/\/www.le-roseau-oboe.com\/en\/\",\"name\":\"Le roseau chantant\",\"description\":\"Born of the winds\",\"potentialAction\":[{\"@type\":\"SearchAction\",\"target\":{\"@type\":\"EntryPoint\",\"urlTemplate\":\"https:\/\/www.le-roseau-oboe.com\/en\/?s={search_term_string}\"},\"query-input\":{\"@type\":\"PropertyValueSpecification\",\"valueRequired\":true,\"valueName\":\"search_term_string\"}}],\"inLanguage\":\"en-US\"}]}<\/script>\n<!-- \/ Yoast SEO plugin. -->","yoast_head_json":{"title":"Lor\u00e9e \u00c9toile model silver-plated crooks | Cor anglais accessories","description":"Lor\u00e9e \u00c9toile model silver-plated Cor anglais crooks, created for optimum projection and tonal intensity. The result is a resounding success.","robots":{"index":"index","follow":"follow","max-snippet":"max-snippet:-1","max-image-preview":"max-image-preview:large","max-video-preview":"max-video-preview:-1"},"canonical":"https:\/\/www.le-roseau-oboe.com\/en\/product\/loree-etoile-model-silver-plated-cor-anglais-crooks\/","schema":{"@context":"https:\/\/schema.org","@graph":[{"@type":"WebPage","@id":"https:\/\/www.le-roseau-oboe.com\/en\/product\/loree-etoile-model-silver-plated-cor-anglais-crooks\/","url":"https:\/\/www.le-roseau-oboe.com\/en\/product\/loree-etoile-model-silver-plated-cor-anglais-crooks\/","name":"Lor\u00e9e \u00c9toile model silver-plated crooks | Cor anglais accessories","isPartOf":{"@id":"https:\/\/www.le-roseau-oboe.com\/en\/#website"},"primaryImageOfPage":{"@id":"https:\/\/www.le-roseau-oboe.com\/en\/product\/loree-etoile-model-silver-plated-cor-anglais-crooks\/#primaryimage"},"image":{"@id":"https:\/\/www.le-roseau-oboe.com\/en\/product\/loree-etoile-model-silver-plated-cor-anglais-crooks\/#primaryimage"},"thumbnailUrl":"https:\/\/www.le-roseau-oboe.com\/wp-content\/uploads\/2017\/05\/bocal-bocaux-cor-anglais-hautbois.jpg","datePublished":"2017-05-23T12:06:32+00:00","dateModified":"2019-05-03T10:30:06+00:00","description":"Lor\u00e9e \u00c9toile model silver-plated Cor anglais crooks, created for optimum projection and tonal intensity. The result is a resounding success.","breadcrumb":{"@id":"https:\/\/www.le-roseau-oboe.com\/en\/product\/loree-etoile-model-silver-plated-cor-anglais-crooks\/#breadcrumb"},"inLanguage":"en-US","potentialAction":[{"@type":"ReadAction","target":["https:\/\/www.le-roseau-oboe.com\/en\/product\/loree-etoile-model-silver-plated-cor-anglais-crooks\/"]}]},{"@type":"ImageObject","inLanguage":"en-US","@id":"https:\/\/www.le-roseau-oboe.com\/en\/product\/loree-etoile-model-silver-plated-cor-anglais-crooks\/#primaryimage","url":"https:\/\/www.le-roseau-oboe.com\/wp-content\/uploads\/2017\/05\/bocal-bocaux-cor-anglais-hautbois.jpg","contentUrl":"https:\/\/www.le-roseau-oboe.com\/wp-content\/uploads\/2017\/05\/bocal-bocaux-cor-anglais-hautbois.jpg","width":800,"height":800,"caption":"Cor anglais crooks"},{"@type":"BreadcrumbList","@id":"https:\/\/www.le-roseau-oboe.com\/en\/product\/loree-etoile-model-silver-plated-cor-anglais-crooks\/#breadcrumb","itemListElement":[{"@type":"ListItem","position":1,"name":"Home","item":"https:\/\/www.le-roseau-oboe.com\/en\/"},{"@type":"ListItem","position":2,"name":"Shop","item":"https:\/\/www.le-roseau-oboe.com\/en\/shop\/"},{"@type":"ListItem","position":3,"name":"Lor\u00e9e \u00c9toile model silver-plated Cor anglais crooks"}]},{"@type":"WebSite","@id":"https:\/\/www.le-roseau-oboe.com\/en\/#website","url":"https:\/\/www.le-roseau-oboe.com\/en\/","name":"Le roseau chantant","description":"Born of the winds","potentialAction":[{"@type":"SearchAction","target":{"@type":"EntryPoint","urlTemplate":"https:\/\/www.le-roseau-oboe.com\/en\/?s={search_term_string}"},"query-input":{"@type":"PropertyValueSpecification","valueRequired":true,"valueName":"search_term_string"}}],"inLanguage":"en-US"}]}},"_links":{"self":[{"href":"https:\/\/www.le-roseau-oboe.com\/en\/wp-json\/wp\/v2\/product\/11876","targetHints":{"allow":["GET"]}}],"collection":[{"href":"https:\/\/www.le-roseau-oboe.com\/en\/wp-json\/wp\/v2\/product"}],"about":[{"href":"https:\/\/www.le-roseau-oboe.com\/en\/wp-json\/wp\/v2\/types\/product"}],"wp:featuredmedia":[{"embeddable":true,"href":"https:\/\/www.le-roseau-oboe.com\/en\/wp-json\/wp\/v2\/media\/11858"}],"wp:attachment":[{"href":"https:\/\/www.le-roseau-oboe.com\/en\/wp-json\/wp\/v2\/media?parent=11876"}],"wp:term":[{"taxonomy":"product_brand","embeddable":true,"href":"https:\/\/www.le-roseau-oboe.com\/en\/wp-json\/wp\/v2\/product_brand?post=11876"},{"taxonomy":"product_cat","embeddable":true,"href":"https:\/\/www.le-roseau-oboe.com\/en\/wp-json\/wp\/v2\/product_cat?post=11876"}],"curies":[{"name":"wp","href":"https:\/\/api.w.org\/{rel}","templated":true}]}}